{"id":14,"date":"2024-10-09T12:12:03","date_gmt":"2024-10-09T10:12:03","guid":{"rendered":"https:\/\/www.territoireentrepreneurs.com\/nord-bassin\/nous-contacter\/"},"modified":"2025-04-14T15:15:01","modified_gmt":"2025-04-14T13:15:01","slug":"nous-contacter","status":"publish","type":"page","link":"https:\/\/www.territoireentrepreneurs.com\/nord-bassin\/nous-contacter\/","title":{"rendered":"Nous contacter"},"content":{"rendered":"<div class=\"wpb-content-wrapper\"><p>[vc_row][vc_column]<div class=\"title_wrapper mb-4 text-center\">\n            <span>Tu souhaites<\/span>\n        <h2 class=\"title\">\n        Visiter le club Nord Bassin    <\/h2>\n<\/div>[vc_row_inner content_placement=\u00a0\u00bbmiddle\u00a0\u00bb][vc_column_inner width=\u00a0\u00bb1\/2&Prime;]<div class=\"sr_paragraph \">\n    <p>Si tu souhaites d\u00e9couvrir le concept Territoire d&rsquo;Entrepreneurs, nous te proposons de participer \u00e0 l&rsquo;une de nos r\u00e9union ou un de nos petits d\u00e9jeuners : <strong>le P&rsquo;tit d\u00e9j du Territoire<\/strong>. Tu pourras \u00e9changer avec les ambassadeurs du club et rencontrer les autres co\u00e9quipiers.<\/p>\n<p>&nbsp;<\/p>\n<p style=\"text-align: center\"><em>La participation est gratuite et sans engagement.<\/em><\/p>\n<\/div>[\/vc_column_inner][vc_column_inner width=\u00a0\u00bb1\/2&Prime;]<p class=\"sr_image_block text-center\">\n    <img loading=\"lazy\" decoding=\"async\" width=\"350\" height=\"198\" src=\"https:\/\/www.territoireentrepreneurs.com\/nord-bassin\/wp-content\/uploads\/sites\/6\/2025\/02\/Reunion-du-13-12-e1744636384824-1300x731.jpg\" class=\"attachment-350x198 size-350x198\" alt=\"\" \/><\/p>[\/vc_column_inner][\/vc_row_inner][\/vc_column][\/vc_row][vc_row full_width=\u00a0\u00bbstretch_row\u00a0\u00bb content_placement=\u00a0\u00bbmiddle\u00a0\u00bb sr_section=\u00a0\u00bb1&Prime; sr_section_bg=\u00a0\u00bbsr_bg-gradient-white-pink-light\u00a0\u00bb][vc_column width=\u00a0\u00bb1\/2&Prime;]<p class=\"sr_image_block\">\n    <img loading=\"lazy\" decoding=\"async\" width=\"600\" height=\"371\" src=\"https:\/\/www.territoireentrepreneurs.com\/nord-bassin\/wp-content\/uploads\/sites\/6\/2025\/02\/Reunion-29-11-scaled-e1744636421936.jpg\" class=\"attachment-600x415 size-600x415\" alt=\"\" srcset=\"https:\/\/www.territoireentrepreneurs.com\/nord-bassin\/wp-content\/uploads\/sites\/6\/2025\/02\/Reunion-29-11-scaled-e1744636421936.jpg 1916w, https:\/\/www.territoireentrepreneurs.com\/nord-bassin\/wp-content\/uploads\/sites\/6\/2025\/02\/Reunion-29-11-scaled-e1744636421936-300x186.jpg 300w, https:\/\/www.territoireentrepreneurs.com\/nord-bassin\/wp-content\/uploads\/sites\/6\/2025\/02\/Reunion-29-11-scaled-e1744636421936-1024x634.jpg 1024w, https:\/\/www.territoireentrepreneurs.com\/nord-bassin\/wp-content\/uploads\/sites\/6\/2025\/02\/Reunion-29-11-scaled-e1744636421936-768x475.jpg 768w, https:\/\/www.territoireentrepreneurs.com\/nord-bassin\/wp-content\/uploads\/sites\/6\/2025\/02\/Reunion-29-11-scaled-e1744636421936-1536x951.jpg 1536w\" sizes=\"auto, (max-width: 600px) 100vw, 600px\" \/><\/p>[\/vc_column][vc_column width=\u00a0\u00bb1\/2&Prime;]<div class=\"title_wrapper mb-4 text-start\">\n        <h3 class=\"title\">\n        Etapes \u00e0 suivre    <\/h3>\n<\/div>[vc_column_text css=\u00a0\u00bb\u00a0\u00bb]1\/ Tu consultes dans notre agenda, les prochaines dates des r\u00e9unions ou des P&rsquo;tit d\u00e9j du territoire :<\/p>\n<p style=\"text-align: center\">\ud83d\udc49 <strong><a href=\"https:\/\/www.territoireentrepreneurs.com\/bassin-arcachon\/evenements\" target=\"_blank\" rel=\"noopener\">Date des prochains \u00e9v\u00e9nements<\/a><\/strong><\/p>\n<p>&nbsp;<\/p>\n<p>2\/ Tu compl\u00e8tes le formulaire ci-dessous en pr\u00e9cisant la date qui te conviendrait le mieux.[\/vc_column_text][\/vc_column][\/vc_row][vc_row full_width=\u00a0\u00bbstretch_row\u00a0\u00bb el_id=\u00a0\u00bbContact Portes du Bassin\u00a0\u00bb][vc_column width=\u00a0\u00bb1\/2&Prime;]<div class=\"title_wrapper mb-4 text-start\">\n            <span>NORD BASSIN<\/span>\n        <h3 class=\"title\">\n        Visiter le Club    <\/h3>\n<\/div>\n<div class=\"wpcf7 no-js\" id=\"wpcf7-f13-o1\" lang=\"\" dir=\"ltr\" data-wpcf7-id=\"13\">\n<div class=\"screen-reader-response\"><p role=\"status\" aria-live=\"polite\" aria-atomic=\"true\"><\/p> <ul><\/ul><\/div>\n<form action=\"\/nord-bassin\/wp-json\/wp\/v2\/pages\/14#wpcf7-f13-o1\" method=\"post\" class=\"wpcf7-form init\" aria-label=\"Formulaire de contact\" novalidate=\"novalidate\" data-status=\"init\">\n<fieldset class=\"hidden-fields-container\"><input type=\"hidden\" name=\"_wpcf7\" value=\"13\" \/><input type=\"hidden\" name=\"_wpcf7_version\" value=\"6.1.1\" \/><input type=\"hidden\" name=\"_wpcf7_locale\" value=\"\" \/><input type=\"hidden\" name=\"_wpcf7_unit_tag\" value=\"wpcf7-f13-o1\" \/><input type=\"hidden\" name=\"_wpcf7_container_post\" value=\"0\" \/><input type=\"hidden\" name=\"_wpcf7_posted_data_hash\" value=\"\" \/>\n<\/fieldset>\n<div class=\"row\">\n\t<div class=\"col-md-6\">\n\t\t<p><label for=\"contact-lastname\" class=\"form-label\">Votre nom <span class=\"required\">*<\/span><\/label><br \/>\n<span class=\"wpcf7-form-control-wrap\" data-name=\"lastname\"><input size=\"40\" maxlength=\"400\" class=\"wpcf7-form-control wpcf7-text wpcf7-validates-as-required form-control\" id=\"contact-lastname\" autocomplete=\"name\" aria-required=\"true\" aria-invalid=\"false\" value=\"\" type=\"text\" name=\"lastname\" \/><\/span>\n\t\t<\/p>\n\t<\/div>\n\t<div class=\"col-md-6\">\n\t\t<p><label for=\"contact-date_visit\" class=\"form-label\">Date de visite souhait\u00e9e<\/label><br \/>\n<span class=\"wpcf7-form-control-wrap\" data-name=\"date_visit\"><input class=\"wpcf7-form-control wpcf7-date wpcf7-validates-as-date form-control\" id=\"contact-date_visit\" aria-invalid=\"false\" value=\"\" type=\"date\" name=\"date_visit\" \/><\/span>\n\t\t<\/p>\n\t<\/div>\n<\/div>\n<div class=\"row\">\n\t<div class=\"col-md-6\">\n\t\t<p><label for=\"contact-email\" class=\"form-label\">Votre e-mail <span class=\"required\">*<\/span><\/label><br \/>\n<span class=\"wpcf7-form-control-wrap\" data-name=\"email\"><input size=\"40\" maxlength=\"400\" class=\"wpcf7-form-control wpcf7-email wpcf7-validates-as-required wpcf7-text wpcf7-validates-as-email form-control\" id=\"contact-email\" autocomplete=\"email\" aria-required=\"true\" aria-invalid=\"false\" value=\"\" type=\"email\" name=\"email\" \/><\/span>\n\t\t<\/p>\n\t<\/div>\n\t<div class=\"col-md-6\">\n\t\t<p><label for=\"contact-phone\" class=\"form-label\">Votre t\u00e9l\u00e9phone<\/label><br \/>\n<span class=\"wpcf7-form-control-wrap\" data-name=\"phone\"><input size=\"40\" maxlength=\"400\" class=\"wpcf7-form-control wpcf7-tel wpcf7-text wpcf7-validates-as-tel form-control\" id=\"contact-phone\" autocomplete=\"tel\" aria-invalid=\"false\" value=\"\" type=\"tel\" name=\"phone\" \/><\/span>\n\t\t<\/p>\n\t<\/div>\n<\/div>\n<div class=\"row\">\n\t<div class=\"col-md-6\">\n\t\t<p><label for=\"contact-job\" class=\"form-label\">Votre m\u00e9tier\/profession <span class=\"required\">*<\/span><\/label><br \/>\n<span class=\"wpcf7-form-control-wrap\" data-name=\"job\"><input size=\"40\" maxlength=\"400\" class=\"wpcf7-form-control wpcf7-text wpcf7-validates-as-required form-control\" id=\"contact-job\" autocomplete=\"organization-title\" aria-required=\"true\" aria-invalid=\"false\" value=\"\" type=\"text\" name=\"job\" \/><\/span>\n\t\t<\/p>\n\t<\/div>\n\t<div class=\"col-md-6\">\n\t\t<p><label for=\"contact-company\" class=\"form-label\">Votre entreprise <span class=\"required\">*<\/span><\/label><br \/>\n<span class=\"wpcf7-form-control-wrap\" data-name=\"company\"><input size=\"40\" maxlength=\"400\" class=\"wpcf7-form-control wpcf7-text wpcf7-validates-as-required form-control\" id=\"contact-company\" autocomplete=\"organization\" aria-required=\"true\" aria-invalid=\"false\" value=\"\" type=\"text\" name=\"company\" \/><\/span>\n\t\t<\/p>\n\t<\/div>\n<\/div>\n<div class=\"row\">\n\t<div class=\"col-md-12\">\n\t\t<p><label for=\"contact-subject\" class=\"form-label\"> Objet <span class=\"required\">*<\/span><\/label><br \/>\n<span class=\"wpcf7-form-control-wrap\" data-name=\"subject\"><input size=\"40\" maxlength=\"400\" class=\"wpcf7-form-control wpcf7-text wpcf7-validates-as-required form-control\" id=\"contact-subject\" aria-required=\"true\" aria-invalid=\"false\" value=\"\" type=\"text\" name=\"subject\" \/><\/span>\n\t\t<\/p>\n\t<\/div>\n<\/div>\n<div class=\"row\">\n\t<div class=\"col-md-12\">\n\t\t<p><label for=\"contact-message\" class=\"form-label\">Votre message<\/label><br \/>\n<span class=\"wpcf7-form-control-wrap\" data-name=\"message\"><textarea cols=\"40\" rows=\"10\" maxlength=\"2000\" class=\"wpcf7-form-control wpcf7-textarea wpcf7-validates-as-required form-control\" id=\"contact-message\" aria-required=\"true\" aria-invalid=\"false\" name=\"message\"><\/textarea><\/span><br \/>\n<span class=\"wpcf7-form-control-wrap\" data-name=\"rgpd\"><span class=\"wpcf7-form-control wpcf7-acceptance\"><span class=\"wpcf7-list-item\"><label><input type=\"checkbox\" name=\"rgpd\" value=\"1\" class=\"form-check-input\" aria-invalid=\"false\" \/><span class=\"wpcf7-list-item-label\">J'accepte que mes informations personnelles soient utilis\u00e9es dans le cadre du traitement par Nord Bassin<\/span><\/label><\/span><\/span><\/span>\n\t\t<\/p>\n\t\t<p><span class=\"required\">*<\/span> : Champs requis\n\t\t<\/p>\n\t\t<p><span id=\"wpcf7-69ead55fca177-wrapper\" class=\"wpcf7-form-control-wrap email-24-wrap\" ><input id=\"wpcf7-69ead55fca177-field\"  class=\"wpcf7-form-control wpcf7-text\" type=\"text\" name=\"email-24\" value=\"\" size=\"40\" tabindex=\"-1\" autocomplete=\"new-password\" \/><\/span><br \/>\n<button class=\"wpcf7-form-control wpcf7-submit has-spinner btn btn-primary btn-icon-left\" type=\"submit\">Soumettre le formulaire<\/button>\n\t\t<\/p>\n\t<\/div>\n<\/div><div class=\"wpcf7-response-output\" aria-hidden=\"true\"><\/div>\n<\/form>\n<\/div>\n[\/vc_column][vc_column width=\u00a0\u00bb1\/4&Prime;]<div class=\"swiper-slide\">\n    <div class=\"card card-simple card-testimonial\">\n        <div class=\"card-img\">\n            <\/div>\n    \n    <div class=\"card-body\">\n        \n                <div class=\"card-text\">\n            <div class=\"quote\"><img decoding=\"async\" src=\"https:\/\/www.territoireentrepreneurs.com\/nord-bassin\/wp-content\/themes\/synrezo\/assets\/icons\/fa\/solid\/quote-right.svg\" alt=\"Ic\u00f4ne quote-right\" class=\"icon icon-quote-right\" \/><\/div>\n<div class=\"content mb-4\"><p>Un club d\u2019entrepreneurs dynamique o\u00f9 chacun partage ses comp\u00e9tences et son r\u00e9seau, afin de d\u00e9velopper son business. Je recommande vivement, n\u2019h\u00e9sitez pas aller visiter le club le plus proche de chez vous !<\/p>\n<\/div><div class=\"title_wrapper mb-0 text-start\">\n        <h3 class=\"title\">\n        Elaine ROCHETEAU    <\/h3>\n<\/div>        <\/div>\n        \n        \n        \n            <\/div>\n<\/div><\/div>[\/vc_column][\/vc_row]<\/p>\n<\/div>","protected":false},"excerpt":{"rendered":"<p>[vc_row][vc_column][vc_row_inner content_placement=\u00a0\u00bbmiddle\u00a0\u00bb][vc_column_inner width=\u00a0\u00bb1\/2&Prime;][\/vc_column_inner][vc_column_inner width=\u00a0\u00bb1\/2&Prime;][\/vc_column_inner][\/vc_row_inner][\/vc_column][\/vc_row][vc_row full_width=\u00a0\u00bbstretch_row\u00a0\u00bb content_placement=\u00a0\u00bbmiddle\u00a0\u00bb sr_section=\u00a0\u00bb1&Prime; sr_section_bg=\u00a0\u00bbsr_bg-gradient-white-pink-light\u00a0\u00bb][vc_column width=\u00a0\u00bb1\/2&Prime;][\/vc_column][vc_column width=\u00a0\u00bb1\/2&Prime;][vc_column_text css=\u00a0\u00bb\u00a0\u00bb]1\/ Tu consultes dans notre agenda, les prochaines dates des r\u00e9unions ou des P&rsquo;tit d\u00e9j du territoire : \ud83d\udc49 Date des prochains \u00e9v\u00e9nements &nbsp; 2\/ Tu compl\u00e8tes le formulaire ci-dessous en pr\u00e9cisant la date qui te conviendrait le mieux.[\/vc_column_text][\/vc_column][\/vc_row][vc_row full_width=\u00a0\u00bbstretch_row\u00a0\u00bb el_id=\u00a0\u00bbContact Portes du Bassin\u00a0\u00bb][vc_column width=\u00a0\u00bb1\/2&Prime;][\/vc_column][vc_column [&hellip;]<\/p>\n","protected":false},"author":1,"featured_media":0,"parent":0,"menu_order":0,"comment_status":"closed","ping_status":"closed","template":"","meta":{"_acf_changed":false,"inline_featured_image":false,"footnotes":""},"class_list":["post-14","page","type-page","status-publish","hentry"],"acf":[],"yoast_head":"<!-- This site is optimized with the Yoast SEO plugin v25.8 - https:\/\/yoast.com\/wordpress\/plugins\/seo\/ -->\n<title>Nous contacter - Nord Bassin<\/title>\n<meta name=\"robots\" content=\"index, follow, max-snippet:-1, max-image-preview:large, max-video-preview:-1\" \/>\n<link rel=\"canonical\" href=\"https:\/\/www.territoireentrepreneurs.com\/nord-bassin\/nous-contacter\/\" \/>\n<meta property=\"og:locale\" content=\"fr_FR\" \/>\n<meta property=\"og:type\" content=\"article\" \/>\n<meta property=\"og:title\" content=\"Nous contacter - Nord Bassin\" \/>\n<meta property=\"og:description\" content=\"[vc_row][vc_column][vc_row_inner content_placement=\u00a0\u00bbmiddle\u00a0\u00bb][vc_column_inner width=\u00a0\u00bb1\/2&Prime;][\/vc_column_inner][vc_column_inner width=\u00a0\u00bb1\/2&Prime;][\/vc_column_inner][\/vc_row_inner][\/vc_column][\/vc_row][vc_row full_width=\u00a0\u00bbstretch_row\u00a0\u00bb content_placement=\u00a0\u00bbmiddle\u00a0\u00bb sr_section=\u00a0\u00bb1&Prime; sr_section_bg=\u00a0\u00bbsr_bg-gradient-white-pink-light\u00a0\u00bb][vc_column width=\u00a0\u00bb1\/2&Prime;][\/vc_column][vc_column width=\u00a0\u00bb1\/2&Prime;][vc_column_text css=\u00a0\u00bb\u00a0\u00bb]1\/ Tu consultes dans notre agenda, les prochaines dates des r\u00e9unions ou des P&rsquo;tit d\u00e9j du territoire : \ud83d\udc49 Date des prochains \u00e9v\u00e9nements &nbsp; 2\/ Tu compl\u00e8tes le formulaire ci-dessous en pr\u00e9cisant la date qui te conviendrait le mieux.[\/vc_column_text][\/vc_column][\/vc_row][vc_row full_width=\u00a0\u00bbstretch_row\u00a0\u00bb el_id=\u00a0\u00bbContact Portes du Bassin\u00a0\u00bb][vc_column width=\u00a0\u00bb1\/2&Prime;][\/vc_column][vc_column [&hellip;]\" \/>\n<meta property=\"og:url\" content=\"https:\/\/www.territoireentrepreneurs.com\/nord-bassin\/nous-contacter\/\" \/>\n<meta property=\"og:site_name\" content=\"Nord Bassin\" \/>\n<meta property=\"article:modified_time\" content=\"2025-04-14T13:15:01+00:00\" \/>\n<meta name=\"twitter:card\" content=\"summary_large_image\" \/>\n<meta name=\"twitter:label1\" content=\"Dur\u00e9e de lecture estim\u00e9e\" \/>\n\t<meta name=\"twitter:data1\" content=\"2 minutes\" \/>\n<script type=\"application\/ld+json\" class=\"yoast-schema-graph\">{\"@context\":\"https:\/\/schema.org\",\"@graph\":[{\"@type\":\"WebPage\",\"@id\":\"https:\/\/www.territoireentrepreneurs.com\/nord-bassin\/nous-contacter\/\",\"url\":\"https:\/\/www.territoireentrepreneurs.com\/nord-bassin\/nous-contacter\/\",\"name\":\"Nous contacter - Nord Bassin\",\"isPartOf\":{\"@id\":\"https:\/\/www.territoireentrepreneurs.com\/nord-bassin\/#website\"},\"datePublished\":\"2024-10-09T10:12:03+00:00\",\"dateModified\":\"2025-04-14T13:15:01+00:00\",\"breadcrumb\":{\"@id\":\"https:\/\/www.territoireentrepreneurs.com\/nord-bassin\/nous-contacter\/#breadcrumb\"},\"inLanguage\":\"fr-FR\",\"potentialAction\":[{\"@type\":\"ReadAction\",\"target\":[\"https:\/\/www.territoireentrepreneurs.com\/nord-bassin\/nous-contacter\/\"]}]},{\"@type\":\"BreadcrumbList\",\"@id\":\"https:\/\/www.territoireentrepreneurs.com\/nord-bassin\/nous-contacter\/#breadcrumb\",\"itemListElement\":[{\"@type\":\"ListItem\",\"position\":1,\"name\":\"Accueil\",\"item\":\"https:\/\/www.territoireentrepreneurs.com\/nord-bassin\/\"},{\"@type\":\"ListItem\",\"position\":2,\"name\":\"Nous contacter\"}]},{\"@type\":\"WebSite\",\"@id\":\"https:\/\/www.territoireentrepreneurs.com\/nord-bassin\/#website\",\"url\":\"https:\/\/www.territoireentrepreneurs.com\/nord-bassin\/\",\"name\":\"Nord Bassin\",\"description\":\"\",\"publisher\":{\"@id\":\"https:\/\/www.territoireentrepreneurs.com\/nord-bassin\/#organization\"},\"potentialAction\":[{\"@type\":\"SearchAction\",\"target\":{\"@type\":\"EntryPoint\",\"urlTemplate\":\"https:\/\/www.territoireentrepreneurs.com\/nord-bassin\/?s={search_term_string}\"},\"query-input\":{\"@type\":\"PropertyValueSpecification\",\"valueRequired\":true,\"valueName\":\"search_term_string\"}}],\"inLanguage\":\"fr-FR\"},{\"@type\":\"Organization\",\"@id\":\"https:\/\/www.territoireentrepreneurs.com\/nord-bassin\/#organization\",\"name\":\"Nord Bassin\",\"url\":\"https:\/\/www.territoireentrepreneurs.com\/nord-bassin\/\",\"logo\":{\"@type\":\"ImageObject\",\"inLanguage\":\"fr-FR\",\"@id\":\"https:\/\/www.territoireentrepreneurs.com\/nord-bassin\/#\/schema\/logo\/image\/\",\"url\":\"https:\/\/www.territoireentrepreneurs.com\/nord-bassin\/wp-content\/uploads\/sites\/6\/2024\/10\/Territoire-dentrepreneurs-logo-35-OK.png\",\"contentUrl\":\"https:\/\/www.territoireentrepreneurs.com\/nord-bassin\/wp-content\/uploads\/sites\/6\/2024\/10\/Territoire-dentrepreneurs-logo-35-OK.png\",\"width\":1294,\"height\":581,\"caption\":\"Nord Bassin\"},\"image\":{\"@id\":\"https:\/\/www.territoireentrepreneurs.com\/nord-bassin\/#\/schema\/logo\/image\/\"}}]}<\/script>\n<!-- \/ Yoast SEO plugin. -->","yoast_head_json":{"title":"Nous contacter - Nord Bassin","robots":{"index":"index","follow":"follow","max-snippet":"max-snippet:-1","max-image-preview":"max-image-preview:large","max-video-preview":"max-video-preview:-1"},"canonical":"https:\/\/www.territoireentrepreneurs.com\/nord-bassin\/nous-contacter\/","og_locale":"fr_FR","og_type":"article","og_title":"Nous contacter - Nord Bassin","og_description":"[vc_row][vc_column][vc_row_inner content_placement=\u00a0\u00bbmiddle\u00a0\u00bb][vc_column_inner width=\u00a0\u00bb1\/2&Prime;][\/vc_column_inner][vc_column_inner width=\u00a0\u00bb1\/2&Prime;][\/vc_column_inner][\/vc_row_inner][\/vc_column][\/vc_row][vc_row full_width=\u00a0\u00bbstretch_row\u00a0\u00bb content_placement=\u00a0\u00bbmiddle\u00a0\u00bb sr_section=\u00a0\u00bb1&Prime; sr_section_bg=\u00a0\u00bbsr_bg-gradient-white-pink-light\u00a0\u00bb][vc_column width=\u00a0\u00bb1\/2&Prime;][\/vc_column][vc_column width=\u00a0\u00bb1\/2&Prime;][vc_column_text css=\u00a0\u00bb\u00a0\u00bb]1\/ Tu consultes dans notre agenda, les prochaines dates des r\u00e9unions ou des P&rsquo;tit d\u00e9j du territoire : \ud83d\udc49 Date des prochains \u00e9v\u00e9nements &nbsp; 2\/ Tu compl\u00e8tes le formulaire ci-dessous en pr\u00e9cisant la date qui te conviendrait le mieux.[\/vc_column_text][\/vc_column][\/vc_row][vc_row full_width=\u00a0\u00bbstretch_row\u00a0\u00bb el_id=\u00a0\u00bbContact Portes du Bassin\u00a0\u00bb][vc_column width=\u00a0\u00bb1\/2&Prime;][\/vc_column][vc_column [&hellip;]","og_url":"https:\/\/www.territoireentrepreneurs.com\/nord-bassin\/nous-contacter\/","og_site_name":"Nord Bassin","article_modified_time":"2025-04-14T13:15:01+00:00","twitter_card":"summary_large_image","twitter_misc":{"Dur\u00e9e de lecture estim\u00e9e":"2 minutes"},"schema":{"@context":"https:\/\/schema.org","@graph":[{"@type":"WebPage","@id":"https:\/\/www.territoireentrepreneurs.com\/nord-bassin\/nous-contacter\/","url":"https:\/\/www.territoireentrepreneurs.com\/nord-bassin\/nous-contacter\/","name":"Nous contacter - Nord Bassin","isPartOf":{"@id":"https:\/\/www.territoireentrepreneurs.com\/nord-bassin\/#website"},"datePublished":"2024-10-09T10:12:03+00:00","dateModified":"2025-04-14T13:15:01+00:00","breadcrumb":{"@id":"https:\/\/www.territoireentrepreneurs.com\/nord-bassin\/nous-contacter\/#breadcrumb"},"inLanguage":"fr-FR","potentialAction":[{"@type":"ReadAction","target":["https:\/\/www.territoireentrepreneurs.com\/nord-bassin\/nous-contacter\/"]}]},{"@type":"BreadcrumbList","@id":"https:\/\/www.territoireentrepreneurs.com\/nord-bassin\/nous-contacter\/#breadcrumb","itemListElement":[{"@type":"ListItem","position":1,"name":"Accueil","item":"https:\/\/www.territoireentrepreneurs.com\/nord-bassin\/"},{"@type":"ListItem","position":2,"name":"Nous contacter"}]},{"@type":"WebSite","@id":"https:\/\/www.territoireentrepreneurs.com\/nord-bassin\/#website","url":"https:\/\/www.territoireentrepreneurs.com\/nord-bassin\/","name":"Nord Bassin","description":"","publisher":{"@id":"https:\/\/www.territoireentrepreneurs.com\/nord-bassin\/#organization"},"potentialAction":[{"@type":"SearchAction","target":{"@type":"EntryPoint","urlTemplate":"https:\/\/www.territoireentrepreneurs.com\/nord-bassin\/?s={search_term_string}"},"query-input":{"@type":"PropertyValueSpecification","valueRequired":true,"valueName":"search_term_string"}}],"inLanguage":"fr-FR"},{"@type":"Organization","@id":"https:\/\/www.territoireentrepreneurs.com\/nord-bassin\/#organization","name":"Nord Bassin","url":"https:\/\/www.territoireentrepreneurs.com\/nord-bassin\/","logo":{"@type":"ImageObject","inLanguage":"fr-FR","@id":"https:\/\/www.territoireentrepreneurs.com\/nord-bassin\/#\/schema\/logo\/image\/","url":"https:\/\/www.territoireentrepreneurs.com\/nord-bassin\/wp-content\/uploads\/sites\/6\/2024\/10\/Territoire-dentrepreneurs-logo-35-OK.png","contentUrl":"https:\/\/www.territoireentrepreneurs.com\/nord-bassin\/wp-content\/uploads\/sites\/6\/2024\/10\/Territoire-dentrepreneurs-logo-35-OK.png","width":1294,"height":581,"caption":"Nord Bassin"},"image":{"@id":"https:\/\/www.territoireentrepreneurs.com\/nord-bassin\/#\/schema\/logo\/image\/"}}]}},"_links":{"self":[{"href":"https:\/\/www.territoireentrepreneurs.com\/nord-bassin\/wp-json\/wp\/v2\/pages\/14","targetHints":{"allow":["GET"]}}],"collection":[{"href":"https:\/\/www.territoireentrepreneurs.com\/nord-bassin\/wp-json\/wp\/v2\/pages"}],"about":[{"href":"https:\/\/www.territoireentrepreneurs.com\/nord-bassin\/wp-json\/wp\/v2\/types\/page"}],"author":[{"embeddable":true,"href":"https:\/\/www.territoireentrepreneurs.com\/nord-bassin\/wp-json\/wp\/v2\/users\/1"}],"replies":[{"embeddable":true,"href":"https:\/\/www.territoireentrepreneurs.com\/nord-bassin\/wp-json\/wp\/v2\/comments?post=14"}],"version-history":[{"count":6,"href":"https:\/\/www.territoireentrepreneurs.com\/nord-bassin\/wp-json\/wp\/v2\/pages\/14\/revisions"}],"predecessor-version":[{"id":332,"href":"https:\/\/www.territoireentrepreneurs.com\/nord-bassin\/wp-json\/wp\/v2\/pages\/14\/revisions\/332"}],"wp:attachment":[{"href":"https:\/\/www.territoireentrepreneurs.com\/nord-bassin\/wp-json\/wp\/v2\/media?parent=14"}],"curies":[{"name":"wp","href":"https:\/\/api.w.org\/{rel}","templated":true}]}}